{"id":1771,"date":"2022-06-28T12:42:55","date_gmt":"2022-06-28T10:42:55","guid":{"rendered":"https:\/\/www.feedwest.com\/?page_id=1771"},"modified":"2023-11-29T12:19:48","modified_gmt":"2023-11-29T11:19:48","slug":"nos-camions-usines","status":"publish","type":"page","link":"https:\/\/www.feedwest.com\/index.php\/nos-camions-usines\/","title":{"rendered":"Nos camions usines"},"content":{"rendered":"\t\t<div data-elementor-type=\"wp-page\" data-elementor-id=\"1771\" class=\"elementor elementor-1771\">\n\t\t\t\t\t\t\t\t\t<section class=\"elementor-section elementor-top-section elementor-element elementor-element-6101bfca elementor-section-height-min-height elementor-section-items-stretch elementor-section-content-middle elementor-section-boxed elementor-section-height-default\" data-id=\"6101bfca\" data-element_type=\"section\" data-settings=\"{&quot;background_background&quot;:&quot;classic&quot;}\">\n\t\t\t\t\t\t<div class=\"elementor-container elementor-column-gap-no\">\n\t\t\t\t\t<div class=\"elementor-column elementor-col-100 elementor-top-column elementor-element elementor-element-6aac690a\" data-id=\"6aac690a\" data-element_type=\"column\" data-settings=\"{&quot;background_background&quot;:&quot;classic&quot;}\">\n\t\t\t<div class=\"elementor-widget-wrap elementor-element-populated\">\n\t\t\t\t\t\t\t\t<div class=\"elementor-element elementor-element-65a5c858 elementor-invisible elementor-widget elementor-widget-heading\" data-id=\"65a5c858\" data-element_type=\"widget\" data-settings=\"{&quot;_animation&quot;:&quot;fadeIn&quot;,&quot;_animation_delay&quot;:400}\" data-widget_type=\"heading.default\">\n\t\t\t\t<div class=\"elementor-widget-container\">\n\t\t\t<style>\/*! elementor - v3.13.3 - 28-05-2023 *\/\n.elementor-heading-title{padding:0;margin:0;line-height:1}.elementor-widget-heading .elementor-heading-title[class*=elementor-size-]>a{color:inherit;font-size:inherit;line-height:inherit}.elementor-widget-heading .elementor-heading-title.elementor-size-small{font-size:15px}.elementor-widget-heading .elementor-heading-title.elementor-size-medium{font-size:19px}.elementor-widget-heading .elementor-heading-title.elementor-size-large{font-size:29px}.elementor-widget-heading .elementor-heading-title.elementor-size-xl{font-size:39px}.elementor-widget-heading .elementor-heading-title.elementor-size-xxl{font-size:59px}<\/style><h2 class=\"elementor-heading-title elementor-size-default\">Nos camions usines sont \u00e9quip\u00e9s de :<\/h2>\t\t<\/div>\n\t\t\t\t<\/div>\n\t\t\t\t<div class=\"elementor-element elementor-element-3726c3d8 elementor-invisible elementor-widget elementor-widget-text-editor\" data-id=\"3726c3d8\" data-element_type=\"widget\" data-settings=\"{&quot;_animation&quot;:&quot;fadeIn&quot;,&quot;_animation_delay&quot;:600}\" data-widget_type=\"text-editor.default\">\n\t\t\t\t<div class=\"elementor-widget-container\">\n\t\t\t<style>\/*! elementor - v3.13.3 - 28-05-2023 *\/\n.elementor-widget-text-editor.elementor-drop-cap-view-stacked .elementor-drop-cap{background-color:#69727d;color:#fff}.elementor-widget-text-editor.elementor-drop-cap-view-framed .elementor-drop-cap{color:#69727d;border:3px solid;background-color:transparent}.elementor-widget-text-editor:not(.elementor-drop-cap-view-default) .elementor-drop-cap{margin-top:8px}.elementor-widget-text-editor:not(.elementor-drop-cap-view-default) .elementor-drop-cap-letter{width:1em;height:1em}.elementor-widget-text-editor .elementor-drop-cap{float:left;text-align:center;line-height:1;font-size:50px}.elementor-widget-text-editor .elementor-drop-cap-letter{display:inline-block}<\/style>\t\t\t\t<ul><li>Suceuse \u00e0 grain<\/li><li>Broyeur \u00e0 marteau<ul><li>Finesse de broyage adaptable (grilles de 3 \u00e0 15mm)<\/li><li>D\u00e9bit\u00a0: 10 \u00e0 20 T\u00a0\/h<\/li><\/ul><\/li><li>Aplatisseurs<ul><li>Rouleaux rainur\u00e9s \u00e0 \u00e9cartement ajustable<\/li><li>D\u00e9bit\u00a0: 8 \u00e0 15 T\u00a0\/h<\/li><\/ul><\/li><li>M\u00e9langeur<ul><li>Capacit\u00e9 de 5 \u00e0 6 T<\/li><\/ul><\/li><li>Tr\u00e9mie pour l\u2019incorporation de min\u00e9raux<\/li><li>Syst\u00e8me d\u2019incorporation d\u2019huile<\/li><li>Syst\u00e8me d\u2019incorporation de liquides<\/li><li>Syst\u00e8me de d\u00e9chargement\u00a0\/vidange int\u00e9grale par vis\/soufflerie ou puls\u00e9<\/li><li>S\u00e9parateur magn\u00e9tique<\/li><li>Syst\u00e8me de pes\u00e9e\/dosage pr\u00e9cis<\/li><li>Camion autonome en \u00e9nergie<\/li><\/ul>\t\t\t\t\t\t<\/div>\n\t\t\t\t<\/div>\n\t\t\t\t\t<\/div>\n\t\t<\/div>\n\t\t\t\t\t\t\t<\/div>\n\t\t<\/section>\n\t\t\t\t<section class=\"elementor-section elementor-top-section elementor-element elementor-element-2bf52ba6 elementor-section-full_width elementor-section-content-middle elementor-section-height-default elementor-section-height-default\" data-id=\"2bf52ba6\" data-element_type=\"section\">\n\t\t\t\t\t\t<div class=\"elementor-container elementor-column-gap-no\">\n\t\t\t\t\t<div class=\"elementor-column elementor-col-100 elementor-top-column elementor-element elementor-element-4ac77b59\" data-id=\"4ac77b59\" data-element_type=\"column\">\n\t\t\t<div class=\"elementor-widget-wrap elementor-element-populated\">\n\t\t\t\t\t\t\t\t<div class=\"elementor-element elementor-element-14f0a86b elementor-widget__width-auto elementor-absolute elementor-invisible elementor-widget elementor-widget-image\" data-id=\"14f0a86b\" data-element_type=\"widget\" data-settings=\"{&quot;_animation&quot;:&quot;slideInLeft&quot;,&quot;_position&quot;:&quot;absolute&quot;}\" data-widget_type=\"image.default\">\n\t\t\t\t<div class=\"elementor-widget-container\">\n\t\t\t<style>\/*! elementor - v3.13.3 - 28-05-2023 *\/\n.elementor-widget-image{text-align:center}.elementor-widget-image a{display:inline-block}.elementor-widget-image a img[src$=\".svg\"]{width:48px}.elementor-widget-image img{vertical-align:middle;display:inline-block}<\/style>\t\t\t\t\t\t\t\t\t\t\t\t<img loading=\"lazy\" decoding=\"async\" width=\"962\" height=\"563\" src=\"https:\/\/www.feedwest.com\/wp-content\/uploads\/2022\/06\/schema.jpg\" class=\"attachment-full size-full wp-image-1774\" alt=\"\" srcset=\"https:\/\/www.feedwest.com\/wp-content\/uploads\/2022\/06\/schema.jpg 962w, https:\/\/www.feedwest.com\/wp-content\/uploads\/2022\/06\/schema-300x176.jpg 300w, https:\/\/www.feedwest.com\/wp-content\/uploads\/2022\/06\/schema-768x449.jpg 768w\" sizes=\"auto, (max-width: 962px) 100vw, 962px\" \/>\t\t\t\t\t\t\t\t\t\t\t\t\t\t\t<\/div>\n\t\t\t\t<\/div>\n\t\t\t\t<div class=\"elementor-element elementor-element-9d4bdce elementor-widget__width-auto elementor-absolute elementor-invisible elementor-widget elementor-widget-image\" data-id=\"9d4bdce\" data-element_type=\"widget\" data-settings=\"{&quot;_animation&quot;:&quot;slideInRight&quot;,&quot;_animation_delay&quot;:200,&quot;_position&quot;:&quot;absolute&quot;}\" data-widget_type=\"image.default\">\n\t\t\t\t<div class=\"elementor-widget-container\">\n\t\t\t\t\t\t\t\t\t\t\t\t\t\t\t<img loading=\"lazy\" decoding=\"async\" width=\"800\" height=\"600\" src=\"https:\/\/www.feedwest.com\/wp-content\/uploads\/2022\/10\/20220719_153249-1024x768.jpg\" class=\"attachment-large size-large wp-image-1786\" alt=\"\" srcset=\"https:\/\/www.feedwest.com\/wp-content\/uploads\/2022\/10\/20220719_153249-1024x768.jpg 1024w, https:\/\/www.feedwest.com\/wp-content\/uploads\/2022\/10\/20220719_153249-300x225.jpg 300w, https:\/\/www.feedwest.com\/wp-content\/uploads\/2022\/10\/20220719_153249-768x576.jpg 768w, https:\/\/www.feedwest.com\/wp-content\/uploads\/2022\/10\/20220719_153249-1536x1152.jpg 1536w, https:\/\/www.feedwest.com\/wp-content\/uploads\/2022\/10\/20220719_153249-2048x1536.jpg 2048w\" sizes=\"auto, (max-width: 800px) 100vw, 800px\" \/>\t\t\t\t\t\t\t\t\t\t\t\t\t\t\t<\/div>\n\t\t\t\t<\/div>\n\t\t\t\t<section class=\"elementor-section elementor-inner-section elementor-element elementor-element-cbc8190 elementor-section-height-min-height elementor-section-content-middle elementor-section-boxed elementor-section-height-default\" data-id=\"cbc8190\" data-element_type=\"section\" data-settings=\"{&quot;background_background&quot;:&quot;classic&quot;}\">\n\t\t\t\t\t\t<div class=\"elementor-container elementor-column-gap-no\">\n\t\t\t\t\t<div class=\"elementor-column elementor-col-100 elementor-inner-column elementor-element elementor-element-1b870252\" data-id=\"1b870252\" data-element_type=\"column\">\n\t\t\t<div class=\"elementor-widget-wrap elementor-element-populated\">\n\t\t\t\t\t\t\t\t<div class=\"elementor-element elementor-element-59431c66 elementor-invisible elementor-widget elementor-widget-text-editor\" data-id=\"59431c66\" data-element_type=\"widget\" data-settings=\"{&quot;_animation&quot;:&quot;fadeIn&quot;,&quot;_animation_delay&quot;:200}\" data-widget_type=\"text-editor.default\">\n\t\t\t\t<div class=\"elementor-widget-container\">\n\t\t\t\t\t\t\t<p>Nos camions usines sont certifi\u00e9s pour l\u2019usage en fili\u00e8res bio (certifi\u00e9 FR-BIO-10) et fili\u00e8res sans OGM (m\u00e9lange VLOG)<\/p>\t\t\t\t\t\t<\/div>\n\t\t\t\t<\/div>\n\t\t\t\t\t<\/div>\n\t\t<\/div>\n\t\t\t\t\t\t\t<\/div>\n\t\t<\/section>\n\t\t\t\t\t<\/div>\n\t\t<\/div>\n\t\t\t\t\t\t\t<\/div>\n\t\t<\/section>\n\t\t\t\t\t\t\t<\/div>\n\t\t","protected":false},"excerpt":{"rendered":"<p>Nos camions usines sont \u00e9quip\u00e9s de : Suceuse \u00e0 grain Broyeur \u00e0 marteau Finesse de broyage adaptable (grilles de 3 \u00e0 15mm) D\u00e9bit\u00a0: 10 \u00e0 20 T\u00a0\/h Aplatisseurs Rouleaux rainur\u00e9s &#8230;<\/p>\n","protected":false},"author":1,"featured_media":1377,"parent":0,"menu_order":0,"comment_status":"closed","ping_status":"closed","template":"elementor_header_footer","meta":{"footnotes":""},"class_list":["post-1771","page","type-page","status-publish","has-post-thumbnail","hentry"],"_links":{"self":[{"href":"https:\/\/www.feedwest.com\/index.php\/wp-json\/wp\/v2\/pages\/1771","targetHints":{"allow":["GET"]}}],"collection":[{"href":"https:\/\/www.feedwest.com\/index.php\/wp-json\/wp\/v2\/pages"}],"about":[{"href":"https:\/\/www.feedwest.com\/index.php\/wp-json\/wp\/v2\/types\/page"}],"author":[{"embeddable":true,"href":"https:\/\/www.feedwest.com\/index.php\/wp-json\/wp\/v2\/users\/1"}],"replies":[{"embeddable":true,"href":"https:\/\/www.feedwest.com\/index.php\/wp-json\/wp\/v2\/comments?post=1771"}],"version-history":[{"count":6,"href":"https:\/\/www.feedwest.com\/index.php\/wp-json\/wp\/v2\/pages\/1771\/revisions"}],"predecessor-version":[{"id":1874,"href":"https:\/\/www.feedwest.com\/index.php\/wp-json\/wp\/v2\/pages\/1771\/revisions\/1874"}],"wp:featuredmedia":[{"embeddable":true,"href":"https:\/\/www.feedwest.com\/index.php\/wp-json\/wp\/v2\/media\/1377"}],"wp:attachment":[{"href":"https:\/\/www.feedwest.com\/index.php\/wp-json\/wp\/v2\/media?parent=1771"}],"curies":[{"name":"wp","href":"https:\/\/api.w.org\/{rel}","templated":true}]}}